{"id":70,"date":"2018-06-24T19:44:37","date_gmt":"2018-06-24T19:44:37","guid":{"rendered":"http:\/\/chaarisma-heimfriseur.de\/?page_id=70"},"modified":"2018-06-24T19:44:47","modified_gmt":"2018-06-24T19:44:47","slug":"impressum","status":"publish","type":"page","link":"https:\/\/chaarisma-heimfriseur.de\/?page_id=70","title":{"rendered":"Impressum"},"content":{"rendered":"<h1>Impressum:<\/h1>\n<p>Herausgeber &amp; verantwortlich f\u00fcr den Inhalt<\/p>\n<p>Martina Heidt<\/p>\n<p>Im Ferning 24, 76275 Ettlingen<\/p>\n<p>Tel. 07243\/2081989<\/p>\n<p>E-Mail: Martina.Heidt@gmx.de<\/p>\n<p>gem Teledienstegesetz \u00a7 .6<\/p>\n<p>Hiermit erkl\u00e4ren wir: Wir distanzieren uns ausdr\u00fccklich von allen Inhalten aller gelinkten Seiten und machen uns die Inhalte der gelinkten Seiten nicht zu Eigen. Die Erkl\u00e4rung gilt f\u00fcr alle verf\u00fcgbaren Links auf dieser Website.<\/p>\n<p>Alle Inhalte dieser Website sind urheberrechtlich gesch\u00fctzt. Sollen wir selbst durch die Benutzung irgendwelcher Graphiken und Texte gegen geltende Copyrightrechte versto\u00dfen, so bitten wir dies durch eine E-Mail mitzuteilen. Leider ist nicht immer zu erkennen, wo insbesondere Graphiken ihren Ursprung haben. Sollte eine verwendete Graphik einem Copyright unterliegen, werden diese selbstverst\u00e4ndlich sofort entfernt.<\/p>\n<p>Informationen zur Online-Steitbeteidigung<\/p>\n<p>Die EU-Kommision hat eine Internetplattform zur Online-Beilegung von Streitigkeiten (sog. &#8222;OS-Plattform\u00b4\u00b4 ) geschaffe.Die OS-Plattform dient als Anlaufstelle zur au\u00dfergerichtlichen Beilegung von Streitigkeiten, die aus Online-Dienstleistungsvertr\u00e4gen erwachsen.<\/p>\n<p>Die OS-Plattform wird unter dem folgenden Link erreicht: http:\/\/ec.europa.eu\/consumers\/ord\/<\/p>\n<p>Ausergerichtliche Streitschlichtung<\/p>\n<p>Zur Teilnahme an einem Streitbeilegungsverfahren von einer Verbraucherschlichtungsstelle nach dem &#8222;Gesetz \u00fcber die<\/p>\n<p>alternative Streitbeilegung in Verbrauchersachen (VSBG)\u00b4\u00b4 sind wir nicht bereit und nicht verpflichtet.<\/p>\n<p>Informationen zur Online-Steitbeteidigung<\/p>\n<p>Die EU-Kommision hat eine Internetplattform zur Online-Beilegung von Streitigkeiten (sog. &#8222;OS-Plattform\u00b4\u00b4 ) geschaffe.Die OS-Plattform dient als Anlaufstelle zur au\u00dfergerichtlichen Beilegung von Streitigkeiten, die aus Online-Dienstleistungsvertr\u00e4gen erwachsen.<\/p>\n<p>Die OS-Plattform wird unter dem folgenden Link erreicht: http:\/\/ec.europa.eu\/consumers\/ord\/<\/p>\n<p>Ausergerichtliche Streitschlichtung<\/p>\n<p>Zur Teilnahme an einem Streitbeilegungsverfahren von einer Verbraucherschlichtungsstelle nach dem &#8222;Gesetz \u00fcber die<\/p>\n<p>alternative Streitbeilegung in Verbrauchersachen (VSBG)\u00b4\u00b4 sind wir nicht bereit und nicht verpflichtet.<\/p>\n","protected":false},"excerpt":{"rendered":"<p>Impressum: Herausgeber &amp; verantwortlich f\u00fcr den Inhalt Martina Heidt Im Ferning 24, 76275 Ettlingen Tel. 07243\/2081989 E-Mail: Martina.Heidt@gmx.de gem Teledienstegesetz \u00a7 .6 Hiermit erkl\u00e4ren wir: Wir distanzieren uns ausdr\u00fccklich von allen Inhalten aller gelinkten Seiten und machen uns die Inhalte der gelinkten Seiten nicht zu Eigen. Die Erkl\u00e4rung gilt f\u00fcr alle verf\u00fcgbaren Links auf dieser &hellip; <\/p>\n<p class=\"link-more\"><a href=\"https:\/\/chaarisma-heimfriseur.de\/?page_id=70\" class=\"more-link\"><span class=\"screen-reader-text\">\u201eImpressum\u201c<\/span> weiterlesen<\/a><\/p>\n","protected":false},"author":1,"featured_media":0,"parent":0,"menu_order":0,"comment_status":"closed","ping_status":"closed","template":"","meta":{"footnotes":""},"_links":{"self":[{"href":"https:\/\/chaarisma-heimfriseur.de\/index.php?rest_route=\/wp\/v2\/pages\/70"}],"collection":[{"href":"https:\/\/chaarisma-heimfriseur.de\/index.php?rest_route=\/wp\/v2\/pages"}],"about":[{"href":"https:\/\/chaarisma-heimfriseur.de\/index.php?rest_route=\/wp\/v2\/types\/page"}],"author":[{"embeddable":true,"href":"https:\/\/chaarisma-heimfriseur.de\/index.php?rest_route=\/wp\/v2\/users\/1"}],"replies":[{"embeddable":true,"href":"https:\/\/chaarisma-heimfriseur.de\/index.php?rest_route=%2Fwp%2Fv2%2Fcomments&post=70"}],"version-history":[{"count":1,"href":"https:\/\/chaarisma-heimfriseur.de\/index.php?rest_route=\/wp\/v2\/pages\/70\/revisions"}],"predecessor-version":[{"id":72,"href":"https:\/\/chaarisma-heimfriseur.de\/index.php?rest_route=\/wp\/v2\/pages\/70\/revisions\/72"}],"wp:attachment":[{"href":"https:\/\/chaarisma-heimfriseur.de\/index.php?rest_route=%2Fwp%2Fv2%2Fmedia&parent=70"}],"curies":[{"name":"wp","href":"https:\/\/api.w.org\/{rel}","templated":true}]}}