{"id":51,"date":"2018-06-24T19:17:48","date_gmt":"2018-06-24T19:17:48","guid":{"rendered":"http:\/\/chaarisma-heimfriseur.de\/?page_id=51"},"modified":"2018-06-24T19:44:17","modified_gmt":"2018-06-24T19:44:17","slug":"nuskin-produkte","status":"publish","type":"page","link":"https:\/\/chaarisma-heimfriseur.de\/?page_id=51","title":{"rendered":"NuSkin-Produkte"},"content":{"rendered":"<h1>Vertriebspartner der Firma NuSkin<\/h1>\n<p>NuSkin verf\u00fcgt \u00fcber die Formel um die Alterungssymptome zu \u00fcberwinden und die Ursachen des Alterns anzugehen. Dieser innovative Ansatz ist das Ergebnis jahrelanger, unvergleichlicher Forschungsarbeit im Bereich Haut und Ern\u00e4hrungswissenschaft. NuSkin revolutioniert die Gesundheits- und Sch\u00f6nheitsbranche mit Produkten, die umfassende Anti-Aging-L\u00f6sungen bietet.<\/p>\n<p>Gerne stehe ich Ihnen f\u00fcr Ihre pers\u00f6nlichen Fragen zur Verf\u00fcgung.<\/p>\n","protected":false},"excerpt":{"rendered":"<p>Vertriebspartner der Firma NuSkin NuSkin verf\u00fcgt \u00fcber die Formel um die Alterungssymptome zu \u00fcberwinden und die Ursachen des Alterns anzugehen. Dieser innovative Ansatz ist das Ergebnis jahrelanger, unvergleichlicher Forschungsarbeit im Bereich Haut und Ern\u00e4hrungswissenschaft. NuSkin revolutioniert die Gesundheits- und Sch\u00f6nheitsbranche mit Produkten, die umfassende Anti-Aging-L\u00f6sungen bietet. Gerne stehe ich Ihnen f\u00fcr Ihre pers\u00f6nlichen Fragen zur &hellip; <\/p>\n<p class=\"link-more\"><a href=\"https:\/\/chaarisma-heimfriseur.de\/?page_id=51\" class=\"more-link\"><span class=\"screen-reader-text\">\u201eNuSkin-Produkte\u201c<\/span> weiterlesen<\/a><\/p>\n","protected":false},"author":1,"featured_media":0,"parent":0,"menu_order":0,"comment_status":"closed","ping_status":"closed","template":"","meta":{"footnotes":""},"_links":{"self":[{"href":"https:\/\/chaarisma-heimfriseur.de\/index.php?rest_route=\/wp\/v2\/pages\/51"}],"collection":[{"href":"https:\/\/chaarisma-heimfriseur.de\/index.php?rest_route=\/wp\/v2\/pages"}],"about":[{"href":"https:\/\/chaarisma-heimfriseur.de\/index.php?rest_route=\/wp\/v2\/types\/page"}],"author":[{"embeddable":true,"href":"https:\/\/chaarisma-heimfriseur.de\/index.php?rest_route=\/wp\/v2\/users\/1"}],"replies":[{"embeddable":true,"href":"https:\/\/chaarisma-heimfriseur.de\/index.php?rest_route=%2Fwp%2Fv2%2Fcomments&post=51"}],"version-history":[{"count":1,"href":"https:\/\/chaarisma-heimfriseur.de\/index.php?rest_route=\/wp\/v2\/pages\/51\/revisions"}],"predecessor-version":[{"id":53,"href":"https:\/\/chaarisma-heimfriseur.de\/index.php?rest_route=\/wp\/v2\/pages\/51\/revisions\/53"}],"wp:attachment":[{"href":"https:\/\/chaarisma-heimfriseur.de\/index.php?rest_route=%2Fwp%2Fv2%2Fmedia&parent=51"}],"curies":[{"name":"wp","href":"https:\/\/api.w.org\/{rel}","templated":true}]}}