{"id":2,"date":"2016-05-10T03:48:21","date_gmt":"2016-05-10T03:48:21","guid":{"rendered":"http:\/\/chaarisma-heimfriseur.de\/?page_id=2"},"modified":"2018-06-24T20:12:16","modified_gmt":"2018-06-24T20:12:16","slug":"sample-page","status":"publish","type":"page","link":"https:\/\/chaarisma-heimfriseur.de\/","title":{"rendered":"Chaarisma Heimfriseur"},"content":{"rendered":"<div>\n<h1><b>Herzlich Willkommen!<\/b><\/h1>\n<p>Ich habe mich ganz Ihrer Sch\u00f6nheit verschrieben und m\u00f6chte Sie gerne dabei unterst\u00fctzen, das Optimale aus Ihrem Typ zu machen!<\/p>\n<p>Es gibt so viele M\u00f6glichkeiten, die eigenen Vorz\u00fcge zu betonen und ich helfe Ihnen durch kompetente Beratung und einem guten Gesp\u00fcr \u00a0f\u00fcr Stil und Farben gern dabei.<\/p>\n<p>Eine rundum gepflegte und attraktive Erscheinung gibt ein gutes Gef\u00fchl. Ich k\u00fcmmere mich um Ihre Sch\u00f6nheit und Sie lassen sich derweil einfach von mir verw\u00f6hnen. G\u00f6nnen Sie sich einen Moment der Ruhe und Entspannung in Ihren eigenen vier W\u00e4nden.<\/p>\n<p>Rufen Sie mich an und vereinbaren einen pers\u00f6nlichen Termin.<\/p>\n<h2>Chaarisma Heimfriseur<br \/>\n0176 66 66 87 62<\/h2>\n<\/div>\n<div><\/div>\n","protected":false},"excerpt":{"rendered":"<p>Herzlich Willkommen! Ich habe mich ganz Ihrer Sch\u00f6nheit verschrieben und m\u00f6chte Sie gerne dabei unterst\u00fctzen, das Optimale aus Ihrem Typ zu machen! Es gibt so viele M\u00f6glichkeiten, die eigenen Vorz\u00fcge zu betonen und ich helfe Ihnen durch kompetente Beratung und einem guten Gesp\u00fcr \u00a0f\u00fcr Stil und Farben gern dabei. Eine rundum gepflegte und attraktive Erscheinung &hellip; <\/p>\n<p class=\"link-more\"><a href=\"https:\/\/chaarisma-heimfriseur.de\/\" class=\"more-link\"><span class=\"screen-reader-text\">\u201eChaarisma Heimfriseur\u201c<\/span> weiterlesen<\/a><\/p>\n","protected":false},"author":1,"featured_media":0,"parent":0,"menu_order":0,"comment_status":"closed","ping_status":"open","template":"","meta":{"footnotes":""},"_links":{"self":[{"href":"https:\/\/chaarisma-heimfriseur.de\/index.php?rest_route=\/wp\/v2\/pages\/2"}],"collection":[{"href":"https:\/\/chaarisma-heimfriseur.de\/index.php?rest_route=\/wp\/v2\/pages"}],"about":[{"href":"https:\/\/chaarisma-heimfriseur.de\/index.php?rest_route=\/wp\/v2\/types\/page"}],"author":[{"embeddable":true,"href":"https:\/\/chaarisma-heimfriseur.de\/index.php?rest_route=\/wp\/v2\/users\/1"}],"replies":[{"embeddable":true,"href":"https:\/\/chaarisma-heimfriseur.de\/index.php?rest_route=%2Fwp%2Fv2%2Fcomments&post=2"}],"version-history":[{"count":3,"href":"https:\/\/chaarisma-heimfriseur.de\/index.php?rest_route=\/wp\/v2\/pages\/2\/revisions"}],"predecessor-version":[{"id":82,"href":"https:\/\/chaarisma-heimfriseur.de\/index.php?rest_route=\/wp\/v2\/pages\/2\/revisions\/82"}],"wp:attachment":[{"href":"https:\/\/chaarisma-heimfriseur.de\/index.php?rest_route=%2Fwp%2Fv2%2Fmedia&parent=2"}],"curies":[{"name":"wp","href":"https:\/\/api.w.org\/{rel}","templated":true}]}}